
{"id":611,"date":"2020-03-11T13:16:19","date_gmt":"2020-03-11T13:16:19","guid":{"rendered":"https:\/\/www.sandypower.ch\/web\/?page_id=611"},"modified":"2026-04-19T07:45:45","modified_gmt":"2026-04-19T07:45:45","slug":"ausbildungen","status":"publish","type":"page","link":"https:\/\/www.sandypower.ch\/web\/ausbildungen\/","title":{"rendered":"Ausbildungen"},"content":{"rendered":"\n<p><strong>Berufsschule f\u00fcr Fitness &amp; Massage<\/strong><\/p>\n\n\n\n<ul class=\"wp-block-list\">\n<li>Klassische Massage mit Dipl. Abschluss im Januar 2007<br>&nbsp;<\/li>\n<\/ul>\n\n\n\n<p><strong>Dul-X<\/strong><\/p>\n\n\n\n<ul class=\"wp-block-list\">\n<li>Kurs Sportmassage mit Zertifikat Oktober 2006<\/li>\n\n\n\n<li>Vertiefungskurs Sportmassage mit Zertifikat April 2007<br>&nbsp;<\/li>\n<\/ul>\n\n\n\n<p><strong>Fachschule f\u00fcr Naturheilkunde und manuelle Therapien (Bodyfeet)<\/strong><\/p>\n\n\n\n<ul class=\"wp-block-list\">\n<li>Hot Stone Massage mit Zertifikat Juli 2007<\/li>\n\n\n\n<li>Kopfschmerz- und Migr\u00e4netherapie mit Zertifikat M\u00e4rz 2010<\/li>\n\n\n\n<li>Behandlung des Zwerchfells 2018<\/li>\n\n\n\n<li>Manuelle Schmerztherapie MST 2018<\/li>\n\n\n\n<li>Dorn- Therapie diverse Kurse 2018-2019<\/li>\n\n\n\n<li>Manuelle Lymphdrainage 2022-2023<\/li>\n\n\n\n<li>Viszerale Therapie in Ausbildung<\/li>\n<\/ul>\n\n\n\n\n\n<p><strong>Swiss Pr\u00e4vensana Akademie<\/strong><\/p>\n\n\n\n<ul class=\"wp-block-list\">\n<li>Lehrgang zur Dipl. Pr\u00e4vensanalogin ab Sept. 2011 bis Mai 2014<\/li>\n\n\n\n<li> Aerobic Instruktor<\/li>\n\n\n\n<li> Lehrgang zur Berufsmasseurin mit Zertifikat, Abschluss Ende Mai 2014<\/li>\n\n\n\n<li>Mentaltrainer Ausbildung 2014<\/li>\n\n\n\n<li>Lymphdrainage 3 T\u00e4giger Kurs 2015<\/li>\n\n\n\n<li>Zert. Fussreflexzonen-Therapeutin SPA 2018<br>&nbsp;<\/li>\n<\/ul>\n\n\n\n<p><strong>360\u00b0 Functional Kinetic Coach<\/strong><\/p>\n\n\n\n<ul class=\"wp-block-list\">\n<li>Workshop Faszien Fitness nach Fasziendistorsionsmodell Typaldos, 2017<\/li>\n\n\n\n<li>Workshop Anatomy Trains nach Thomas Myers im Functional Training, 2018<\/li>\n<\/ul>\n\n\n\n&nbsp;\n\n\n\n<p><strong>Star education<\/strong><\/p>\n\n\n\n<ul class=\"wp-block-list\">\n<li>Dipl. Ern\u00e4hrungstrainer Ausbildung 2016<\/li>\n<\/ul>\n\n\n\n&nbsp;\n\n\n\n<p><strong>Fitagon GmbH<\/strong><\/p>\n\n\n\n<ul class=\"wp-block-list\">\n<li>TRX Suspension Training Kurs<br>&nbsp;<\/li>\n<\/ul>\n\n\n\n<p><strong>Ryffel Running<\/strong><\/p>\n\n\n\n<ul class=\"wp-block-list\">\n<li>Nordic Walking Leiterinnenausbildung mit Diplom Juli 11<br>&nbsp;&nbsp;<\/li>\n<\/ul>\n\n\n\n<p><strong>Lohmann &amp; Rauscher<\/strong><\/p>\n\n\n\n<ul class=\"wp-block-list\">\n<li>Taping im Sport und Meditaping mit Zertifikat Juni 09<\/li>\n\n\n\n<li>Taping im Sport und Meditaping mit Zertifikat November 10<br>&nbsp;<\/li>\n<\/ul>\n\n\n\n<p><\/p>\n","protected":false},"excerpt":{"rendered":"<p>Berufsschule f\u00fcr Fitness &amp; Massage Dul-X Fachschule f\u00fcr Naturheilkunde und manuelle Therapien (Bodyfeet) Swiss Pr\u00e4vensana Akademie 360\u00b0 Functional Kinetic Coach &nbsp; Star [&hellip;]<\/p>\n","protected":false},"author":1,"featured_media":0,"parent":0,"menu_order":0,"comment_status":"closed","ping_status":"closed","template":"","meta":{"footnotes":""},"class_list":["post-611","page","type-page","status-publish","hentry"],"_links":{"self":[{"href":"https:\/\/www.sandypower.ch\/web\/wp-json\/wp\/v2\/pages\/611","targetHints":{"allow":["GET"]}}],"collection":[{"href":"https:\/\/www.sandypower.ch\/web\/wp-json\/wp\/v2\/pages"}],"about":[{"href":"https:\/\/www.sandypower.ch\/web\/wp-json\/wp\/v2\/types\/page"}],"author":[{"embeddable":true,"href":"https:\/\/www.sandypower.ch\/web\/wp-json\/wp\/v2\/users\/1"}],"replies":[{"embeddable":true,"href":"https:\/\/www.sandypower.ch\/web\/wp-json\/wp\/v2\/comments?post=611"}],"version-history":[{"count":7,"href":"https:\/\/www.sandypower.ch\/web\/wp-json\/wp\/v2\/pages\/611\/revisions"}],"predecessor-version":[{"id":898,"href":"https:\/\/www.sandypower.ch\/web\/wp-json\/wp\/v2\/pages\/611\/revisions\/898"}],"wp:attachment":[{"href":"https:\/\/www.sandypower.ch\/web\/wp-json\/wp\/v2\/media?parent=611"}],"curies":[{"name":"wp","href":"https:\/\/api.w.org\/{rel}","templated":true}]}}