
{"id":250,"date":"2020-02-11T13:13:25","date_gmt":"2020-02-11T13:13:25","guid":{"rendered":"https:\/\/www.sandypower.ch\/web\/?page_id=250"},"modified":"2020-09-03T09:06:03","modified_gmt":"2020-09-03T09:06:03","slug":"hotstone-massage","status":"publish","type":"page","link":"https:\/\/www.sandypower.ch\/web\/hotstone-massage\/","title":{"rendered":"Hotstone Massage"},"content":{"rendered":"\n<div class=\"wp-block-media-text alignwide is-stacked-on-mobile is-vertically-aligned-top\" style=\"grid-template-columns:32% auto\"><figure class=\"wp-block-media-text__media\"><img loading=\"lazy\" decoding=\"async\" width=\"1024\" height=\"684\" src=\"https:\/\/www.sandypower.ch\/web\/wp-content\/uploads\/2020\/09\/hotstone_ruecken_v_1_01-1024x684.jpg\" alt=\"\" class=\"wp-image-725\" srcset=\"https:\/\/www.sandypower.ch\/web\/wp-content\/uploads\/2020\/09\/hotstone_ruecken_v_1_01-1024x684.jpg 1024w, https:\/\/www.sandypower.ch\/web\/wp-content\/uploads\/2020\/09\/hotstone_ruecken_v_1_01-300x200.jpg 300w, https:\/\/www.sandypower.ch\/web\/wp-content\/uploads\/2020\/09\/hotstone_ruecken_v_1_01-768x513.jpg 768w, https:\/\/www.sandypower.ch\/web\/wp-content\/uploads\/2020\/09\/hotstone_ruecken_v_1_01-1536x1025.jpg 1536w, https:\/\/www.sandypower.ch\/web\/wp-content\/uploads\/2020\/09\/hotstone_ruecken_v_1_01-830x554.jpg 830w, https:\/\/www.sandypower.ch\/web\/wp-content\/uploads\/2020\/09\/hotstone_ruecken_v_1_01-230x154.jpg 230w, https:\/\/www.sandypower.ch\/web\/wp-content\/uploads\/2020\/09\/hotstone_ruecken_v_1_01-350x234.jpg 350w, https:\/\/www.sandypower.ch\/web\/wp-content\/uploads\/2020\/09\/hotstone_ruecken_v_1_01-480x320.jpg 480w, https:\/\/www.sandypower.ch\/web\/wp-content\/uploads\/2020\/09\/hotstone_ruecken_v_1_01.jpg 2000w\" sizes=\"auto, (max-width: 1024px) 100vw, 1024px\" \/><\/figure><div class=\"wp-block-media-text__content\">\n<p>Die Hot Stone Massage ist eine sehr alte Therapieform, deren Ursprung bei den Naturv\u00f6lkern Amerikas und Asiens zu finden ist. Bei dieser Behandlungsmethode werden K\u00f6rper und Geist wieder in Einklang gebracht. Die Hot Stone Massage ist eine faszinierende Verbindung zwischen Massage, Aromatherapie und Energiebehandlung. Warme Steine gleiten mit \u00d6l \u00fcber den K\u00f6rper und l\u00f6sen so hartn\u00e4ckige Verspannungen und Schmerzpunkte.<\/p>\n<\/div><\/div>\n\n\n\n<div class=\"wp-block-columns is-layout-flex wp-container-core-columns-is-layout-9d6595d7 wp-block-columns-is-layout-flex\">\n<div class=\"wp-block-column is-layout-flow wp-block-column-is-layout-flow\"><\/div>\n\n\n\n<div class=\"wp-block-column is-layout-flow wp-block-column-is-layout-flow\"><\/div>\n<\/div>\n\n\n\n<figure class=\"wp-block-image alignfull size-large\"><img loading=\"lazy\" decoding=\"async\" width=\"1024\" height=\"367\" src=\"https:\/\/www.sandypower.ch\/web\/wp-content\/uploads\/2020\/02\/hotstone_1_breit-1024x367.jpg\" alt=\"\" class=\"wp-image-317\" srcset=\"https:\/\/www.sandypower.ch\/web\/wp-content\/uploads\/2020\/02\/hotstone_1_breit-1024x367.jpg 1024w, https:\/\/www.sandypower.ch\/web\/wp-content\/uploads\/2020\/02\/hotstone_1_breit-300x107.jpg 300w, https:\/\/www.sandypower.ch\/web\/wp-content\/uploads\/2020\/02\/hotstone_1_breit-768x275.jpg 768w, https:\/\/www.sandypower.ch\/web\/wp-content\/uploads\/2020\/02\/hotstone_1_breit-1536x550.jpg 1536w, https:\/\/www.sandypower.ch\/web\/wp-content\/uploads\/2020\/02\/hotstone_1_breit-2048x733.jpg 2048w, https:\/\/www.sandypower.ch\/web\/wp-content\/uploads\/2020\/02\/hotstone_1_breit-830x297.jpg 830w, https:\/\/www.sandypower.ch\/web\/wp-content\/uploads\/2020\/02\/hotstone_1_breit-230x82.jpg 230w, https:\/\/www.sandypower.ch\/web\/wp-content\/uploads\/2020\/02\/hotstone_1_breit-350x125.jpg 350w, https:\/\/www.sandypower.ch\/web\/wp-content\/uploads\/2020\/02\/hotstone_1_breit-480x172.jpg 480w\" sizes=\"auto, (max-width: 1024px) 100vw, 1024px\" \/><\/figure>\n\n\n\n<p><\/p>\n\n\n\n<p><\/p>\n\n\n\n<p>Buchen Sie jetzt Ihren Massage-<a href=\"https:\/\/connect.shore.com\/bookings\/zuber-sandra\/services?locale=de&amp;origin=standalone\" target=\"_blank\" rel=\"noreferrer noopener\" aria-label=\" (\u00f6ffnet in einem neuem Tab)\">Termin online<\/a> oder <a href=\"https:\/\/www.sandypower.ch\/web\/kontakt\/\">kontaktieren<\/a> Sie mich bei Fragen zu meinem Angebot.<\/p>\n","protected":false},"excerpt":{"rendered":"<p>Die Hot Stone Massage ist eine sehr alte Therapieform, deren Ursprung bei den Naturv\u00f6lkern Amerikas und Asiens zu finden ist. Bei dieser [&hellip;]<\/p>\n","protected":false},"author":1,"featured_media":0,"parent":0,"menu_order":0,"comment_status":"closed","ping_status":"closed","template":"","meta":{"footnotes":""},"class_list":["post-250","page","type-page","status-publish","hentry"],"_links":{"self":[{"href":"https:\/\/www.sandypower.ch\/web\/wp-json\/wp\/v2\/pages\/250","targetHints":{"allow":["GET"]}}],"collection":[{"href":"https:\/\/www.sandypower.ch\/web\/wp-json\/wp\/v2\/pages"}],"about":[{"href":"https:\/\/www.sandypower.ch\/web\/wp-json\/wp\/v2\/types\/page"}],"author":[{"embeddable":true,"href":"https:\/\/www.sandypower.ch\/web\/wp-json\/wp\/v2\/users\/1"}],"replies":[{"embeddable":true,"href":"https:\/\/www.sandypower.ch\/web\/wp-json\/wp\/v2\/comments?post=250"}],"version-history":[{"count":28,"href":"https:\/\/www.sandypower.ch\/web\/wp-json\/wp\/v2\/pages\/250\/revisions"}],"predecessor-version":[{"id":727,"href":"https:\/\/www.sandypower.ch\/web\/wp-json\/wp\/v2\/pages\/250\/revisions\/727"}],"wp:attachment":[{"href":"https:\/\/www.sandypower.ch\/web\/wp-json\/wp\/v2\/media?parent=250"}],"curies":[{"name":"wp","href":"https:\/\/api.w.org\/{rel}","templated":true}]}}