
{"id":248,"date":"2020-02-11T13:13:08","date_gmt":"2020-02-11T13:13:08","guid":{"rendered":"https:\/\/www.sandypower.ch\/web\/?page_id=248"},"modified":"2020-02-17T10:40:00","modified_gmt":"2020-02-17T10:40:00","slug":"manuelle-schmerztherapie-mst","status":"publish","type":"page","link":"https:\/\/www.sandypower.ch\/web\/manuelle-schmerztherapie-mst\/","title":{"rendered":"Manuelle Schmerztherapie MST"},"content":{"rendered":"\n<div class=\"wp-block-media-text alignwide is-stacked-on-mobile is-vertically-aligned-top\" style=\"grid-template-columns:46% auto\"><figure class=\"wp-block-media-text__media\"><img loading=\"lazy\" decoding=\"async\" width=\"1024\" height=\"634\" src=\"https:\/\/www.sandypower.ch\/web\/wp-content\/uploads\/2020\/02\/manuelle_schmerztherapie_v_2_01-1024x634.jpg\" alt=\"\" class=\"wp-image-415\" srcset=\"https:\/\/www.sandypower.ch\/web\/wp-content\/uploads\/2020\/02\/manuelle_schmerztherapie_v_2_01-1024x634.jpg 1024w, https:\/\/www.sandypower.ch\/web\/wp-content\/uploads\/2020\/02\/manuelle_schmerztherapie_v_2_01-300x186.jpg 300w, https:\/\/www.sandypower.ch\/web\/wp-content\/uploads\/2020\/02\/manuelle_schmerztherapie_v_2_01-768x476.jpg 768w, https:\/\/www.sandypower.ch\/web\/wp-content\/uploads\/2020\/02\/manuelle_schmerztherapie_v_2_01-1536x951.jpg 1536w, https:\/\/www.sandypower.ch\/web\/wp-content\/uploads\/2020\/02\/manuelle_schmerztherapie_v_2_01-2048x1268.jpg 2048w, https:\/\/www.sandypower.ch\/web\/wp-content\/uploads\/2020\/02\/manuelle_schmerztherapie_v_2_01-830x514.jpg 830w, https:\/\/www.sandypower.ch\/web\/wp-content\/uploads\/2020\/02\/manuelle_schmerztherapie_v_2_01-230x142.jpg 230w, https:\/\/www.sandypower.ch\/web\/wp-content\/uploads\/2020\/02\/manuelle_schmerztherapie_v_2_01-350x217.jpg 350w, https:\/\/www.sandypower.ch\/web\/wp-content\/uploads\/2020\/02\/manuelle_schmerztherapie_v_2_01-480x297.jpg 480w\" sizes=\"auto, (max-width: 1024px) 100vw, 1024px\" \/><\/figure><div class=\"wp-block-media-text__content\">\n<p>In der manuellen Schmerztherapie MST arbeiten wir \u00fcber die Rezeptoren in der Tiefe (Muskeln, Knochenhaut). Am \u00dcbergang des Muskels zum Knochen befindet sich der Golgy-Sehnen-Apparat, wo wir viele dieser Rezeptoren (Ruffini-, Pacchini- und interstitielle Nervenfasern) finden. Ihre Aufgabe ist u.a. den Zustand des Muskels \u2013 angespannt, \u00fcberspannt, normal lang\/dick, usw. dem Hirn mitzuteilen. Unser K\u00f6rper hat das ph\u00e4nomenale System, dass f\u00fcr alle Bewegungen nicht nur ein Muskel, sondern immer mindestens ein Gegenmuskel eingesetzt wird. Entsteht im Zusammenspiel dieser beiden Muskeln nun eine Dysbalance, durch die ungleich benutzte Muskulatur am Arbeitsplatz, beim Sport, bei Hobbies, usw., so kann auf ein Gelenk, ein Wirbelsegment oder Strukturen, wie z.B. das Becken, die Schultern, der Nacken, das Knie und, und, und\u2026 ein starkes Zug-\/Druck-Missverh\u00e4ltnis entstehen \u2013 Verletzungen, resp. Sch\u00e4digungen k\u00f6nnten die Folge sein. Ist dies der Fall schaltet das Gehirn mehrmals Warnungen aus \u2013 was f\u00fcr uns Schmerz bedeutet! \u2013 nehmen wir diese Zeichen des K\u00f6rpers wahr oder unterdr\u00fccken wir sie mit allem m\u00f6glichem von Massnahmen und Medikamenten bis hin zu Operationen?<br>\n Besser Schmerz mit Schmerz bek\u00e4mpfen und das Problem Behandeln\u2026.<\/p>\n<\/div><\/div>\n\n\n\n<p><\/p>\n\n\n\n<p><\/p>\n\n\n\n<p>Buchen Sie jetzt Ihren Massage-<a href=\"https:\/\/connect.shore.com\/bookings\/zuber-sandra\/services?locale=de&amp;origin=standalone\" target=\"_blank\" rel=\"noreferrer noopener\" aria-label=\" (\u00f6ffnet in einem neuem Tab)\">Termin online<\/a> oder <a href=\"https:\/\/www.sandypower.ch\/web\/kontakt\/\">kontaktieren<\/a> Sie mich bei Fragen zu meinem Angebot.<\/p>\n","protected":false},"excerpt":{"rendered":"<p>In der manuellen Schmerztherapie MST arbeiten wir \u00fcber die Rezeptoren in der Tiefe (Muskeln, Knochenhaut). Am \u00dcbergang des Muskels zum Knochen befindet [&hellip;]<\/p>\n","protected":false},"author":1,"featured_media":0,"parent":0,"menu_order":0,"comment_status":"closed","ping_status":"closed","template":"","meta":{"footnotes":""},"class_list":["post-248","page","type-page","status-publish","hentry"],"_links":{"self":[{"href":"https:\/\/www.sandypower.ch\/web\/wp-json\/wp\/v2\/pages\/248","targetHints":{"allow":["GET"]}}],"collection":[{"href":"https:\/\/www.sandypower.ch\/web\/wp-json\/wp\/v2\/pages"}],"about":[{"href":"https:\/\/www.sandypower.ch\/web\/wp-json\/wp\/v2\/types\/page"}],"author":[{"embeddable":true,"href":"https:\/\/www.sandypower.ch\/web\/wp-json\/wp\/v2\/users\/1"}],"replies":[{"embeddable":true,"href":"https:\/\/www.sandypower.ch\/web\/wp-json\/wp\/v2\/comments?post=248"}],"version-history":[{"count":8,"href":"https:\/\/www.sandypower.ch\/web\/wp-json\/wp\/v2\/pages\/248\/revisions"}],"predecessor-version":[{"id":562,"href":"https:\/\/www.sandypower.ch\/web\/wp-json\/wp\/v2\/pages\/248\/revisions\/562"}],"wp:attachment":[{"href":"https:\/\/www.sandypower.ch\/web\/wp-json\/wp\/v2\/media?parent=248"}],"curies":[{"name":"wp","href":"https:\/\/api.w.org\/{rel}","templated":true}]}}