
{"id":244,"date":"2020-02-11T13:12:21","date_gmt":"2020-02-11T13:12:21","guid":{"rendered":"https:\/\/www.sandypower.ch\/web\/?page_id=244"},"modified":"2020-09-03T08:13:24","modified_gmt":"2020-09-03T08:13:24","slug":"fussreflexzonenmassage","status":"publish","type":"page","link":"https:\/\/www.sandypower.ch\/web\/fussreflexzonenmassage\/","title":{"rendered":"Fussreflexzonenmassage"},"content":{"rendered":"\n<div class=\"wp-block-media-text alignwide is-stacked-on-mobile is-vertically-aligned-top\" style=\"grid-template-columns:15% auto\"><figure class=\"wp-block-media-text__media\"><img loading=\"lazy\" decoding=\"async\" width=\"684\" height=\"1024\" src=\"https:\/\/www.sandypower.ch\/web\/wp-content\/uploads\/2020\/09\/sandra_fussreflexzone_v_1_01-684x1024.jpg\" alt=\"\" class=\"wp-image-708\" srcset=\"https:\/\/www.sandypower.ch\/web\/wp-content\/uploads\/2020\/09\/sandra_fussreflexzone_v_1_01-684x1024.jpg 684w, https:\/\/www.sandypower.ch\/web\/wp-content\/uploads\/2020\/09\/sandra_fussreflexzone_v_1_01-200x300.jpg 200w, https:\/\/www.sandypower.ch\/web\/wp-content\/uploads\/2020\/09\/sandra_fussreflexzone_v_1_01-768x1150.jpg 768w, https:\/\/www.sandypower.ch\/web\/wp-content\/uploads\/2020\/09\/sandra_fussreflexzone_v_1_01-230x344.jpg 230w, https:\/\/www.sandypower.ch\/web\/wp-content\/uploads\/2020\/09\/sandra_fussreflexzone_v_1_01-350x524.jpg 350w, https:\/\/www.sandypower.ch\/web\/wp-content\/uploads\/2020\/09\/sandra_fussreflexzone_v_1_01-480x719.jpg 480w, https:\/\/www.sandypower.ch\/web\/wp-content\/uploads\/2020\/09\/sandra_fussreflexzone_v_1_01.jpg 800w\" sizes=\"auto, (max-width: 684px) 100vw, 684px\" \/><\/figure><div class=\"wp-block-media-text__content\">\n<p>Bei der Fussreflexzonenmassage wird das verkleinerte Abbild des Menschen auf die F\u00fc\u00dfe projiziert. Organe oder K\u00f6rperstellen werden dort als Reflexzonen sozusagen repr\u00e4sentiert. Durch die Massage dieser Reflexzonen kann man \u00fcber die energetischen Verbindungen Wirkungen im gesamten k\u00f6rperlich-seelischen Bereich erzielen. <\/p>\n\n\n\n<p>Mit Hilfe der Fu\u00dfreflexzonenmassage werden sogenannte Reflexzonen am Fu\u00df stimuliert. \u00dcber diese Reize kann Einfluss auf fast alle K\u00f6rperregionen und Organe im Sinne einer Entspannung, einer Aktivierung oder Schmerzlinderung ausge\u00fcbt werden.<\/p>\n\n\n\n<br>\n<\/div><\/div>\n\n\n\n<br>\n\n\n\n<figure class=\"wp-block-image alignwide size-large\"><img loading=\"lazy\" decoding=\"async\" width=\"1024\" height=\"683\" src=\"https:\/\/www.sandypower.ch\/web\/wp-content\/uploads\/2020\/09\/kinderfuss_fussreflexzone_v_1_01-1024x683.jpg\" alt=\"\" class=\"wp-image-710\" srcset=\"https:\/\/www.sandypower.ch\/web\/wp-content\/uploads\/2020\/09\/kinderfuss_fussreflexzone_v_1_01-1024x683.jpg 1024w, https:\/\/www.sandypower.ch\/web\/wp-content\/uploads\/2020\/09\/kinderfuss_fussreflexzone_v_1_01-300x200.jpg 300w, https:\/\/www.sandypower.ch\/web\/wp-content\/uploads\/2020\/09\/kinderfuss_fussreflexzone_v_1_01-768x513.jpg 768w, https:\/\/www.sandypower.ch\/web\/wp-content\/uploads\/2020\/09\/kinderfuss_fussreflexzone_v_1_01-1536x1025.jpg 1536w, https:\/\/www.sandypower.ch\/web\/wp-content\/uploads\/2020\/09\/kinderfuss_fussreflexzone_v_1_01-830x554.jpg 830w, https:\/\/www.sandypower.ch\/web\/wp-content\/uploads\/2020\/09\/kinderfuss_fussreflexzone_v_1_01-230x153.jpg 230w, https:\/\/www.sandypower.ch\/web\/wp-content\/uploads\/2020\/09\/kinderfuss_fussreflexzone_v_1_01-350x234.jpg 350w, https:\/\/www.sandypower.ch\/web\/wp-content\/uploads\/2020\/09\/kinderfuss_fussreflexzone_v_1_01-480x320.jpg 480w, https:\/\/www.sandypower.ch\/web\/wp-content\/uploads\/2020\/09\/kinderfuss_fussreflexzone_v_1_01.jpg 1900w\" sizes=\"auto, (max-width: 1024px) 100vw, 1024px\" \/><\/figure>\n\n\n\n<p><\/p>\n\n\n\n<p>Buchen Sie jetzt Ihren Massage-<a href=\"https:\/\/connect.shore.com\/bookings\/zuber-sandra\/services?locale=de&amp;origin=standalone\" target=\"_blank\" rel=\"noreferrer noopener\" aria-label=\" (\u00f6ffnet in einem neuem Tab)\">Termin online<\/a> oder <a href=\"https:\/\/www.sandypower.ch\/web\/kontakt\/\">kontaktieren<\/a> Sie mich bei Fragen zu meinem Angebot.<\/p>\n","protected":false},"excerpt":{"rendered":"<p>Bei der Fussreflexzonenmassage wird das verkleinerte Abbild des Menschen auf die F\u00fc\u00dfe projiziert. Organe oder K\u00f6rperstellen werden dort als Reflexzonen sozusagen repr\u00e4sentiert. [&hellip;]<\/p>\n","protected":false},"author":1,"featured_media":0,"parent":0,"menu_order":0,"comment_status":"closed","ping_status":"closed","template":"","meta":{"footnotes":""},"class_list":["post-244","page","type-page","status-publish","hentry"],"_links":{"self":[{"href":"https:\/\/www.sandypower.ch\/web\/wp-json\/wp\/v2\/pages\/244","targetHints":{"allow":["GET"]}}],"collection":[{"href":"https:\/\/www.sandypower.ch\/web\/wp-json\/wp\/v2\/pages"}],"about":[{"href":"https:\/\/www.sandypower.ch\/web\/wp-json\/wp\/v2\/types\/page"}],"author":[{"embeddable":true,"href":"https:\/\/www.sandypower.ch\/web\/wp-json\/wp\/v2\/users\/1"}],"replies":[{"embeddable":true,"href":"https:\/\/www.sandypower.ch\/web\/wp-json\/wp\/v2\/comments?post=244"}],"version-history":[{"count":9,"href":"https:\/\/www.sandypower.ch\/web\/wp-json\/wp\/v2\/pages\/244\/revisions"}],"predecessor-version":[{"id":715,"href":"https:\/\/www.sandypower.ch\/web\/wp-json\/wp\/v2\/pages\/244\/revisions\/715"}],"wp:attachment":[{"href":"https:\/\/www.sandypower.ch\/web\/wp-json\/wp\/v2\/media?parent=244"}],"curies":[{"name":"wp","href":"https:\/\/api.w.org\/{rel}","templated":true}]}}