
{"id":240,"date":"2020-02-11T13:11:42","date_gmt":"2020-02-11T13:11:42","guid":{"rendered":"https:\/\/www.sandypower.ch\/web\/?page_id=240"},"modified":"2020-02-17T10:37:42","modified_gmt":"2020-02-17T10:37:42","slug":"klassische-massage","status":"publish","type":"page","link":"https:\/\/www.sandypower.ch\/web\/klassische-massage\/","title":{"rendered":"Klassische Massage"},"content":{"rendered":"\n<p>Sie ist eine der bekanntesten und \u00e4ltesten Behandlungsmethode. Sie ist heute die am h\u00e4ufigsten angewendete manuelle Therapieform. Das liegt unter anderem daran, dass sie wissenschaftlich und medizinisch anerkannt ist und es keine Zweifel an ihrer Wirkung gibt. Mit Streichung, Kneten und Dehnung der Muskulatur werden Verspannungen und Verh\u00e4rtungen der Muskulatur behandelt. Sie ist eine ganzheitliche Therapie, die je nach Griffwahl, Intensit\u00e4t und Rhythmus beruhigend oder belebend auf den menschlichen K\u00f6rper wirkt. <\/p>\n\n\n\n<div class=\"wp-block-media-text has-media-on-the-right is-stacked-on-mobile\" style=\"grid-template-columns:auto 40%\"><figure class=\"wp-block-media-text__media\"><img loading=\"lazy\" decoding=\"async\" width=\"1024\" height=\"682\" src=\"https:\/\/www.sandypower.ch\/web\/wp-content\/uploads\/2020\/02\/klassische_massage.jpg\" alt=\"\" class=\"wp-image-348\" srcset=\"https:\/\/www.sandypower.ch\/web\/wp-content\/uploads\/2020\/02\/klassische_massage.jpg 1024w, https:\/\/www.sandypower.ch\/web\/wp-content\/uploads\/2020\/02\/klassische_massage-300x200.jpg 300w, https:\/\/www.sandypower.ch\/web\/wp-content\/uploads\/2020\/02\/klassische_massage-768x512.jpg 768w, https:\/\/www.sandypower.ch\/web\/wp-content\/uploads\/2020\/02\/klassische_massage-830x553.jpg 830w, https:\/\/www.sandypower.ch\/web\/wp-content\/uploads\/2020\/02\/klassische_massage-230x153.jpg 230w, https:\/\/www.sandypower.ch\/web\/wp-content\/uploads\/2020\/02\/klassische_massage-350x233.jpg 350w, https:\/\/www.sandypower.ch\/web\/wp-content\/uploads\/2020\/02\/klassische_massage-480x320.jpg 480w\" sizes=\"auto, (max-width: 1024px) 100vw, 1024px\" \/><\/figure><div class=\"wp-block-media-text__content\">\n<p class=\"has-text-align-left\">Ziele:<br>  \u2022 Innere Ruhe und Ausgeglichenheit, vertiefte Atmung<br>  \u2022 Verspannungen und Verh\u00e4rtungen l\u00f6sen<br>  \u2022 Positive Beeinflussung des vegetativen Nervensystems<br>  \u2022 Stressabbau, St\u00e4rkung Immunsystem<br>  \u2022 Verbesserung Lymphfluss und Durchblutung<br>  \u2022 Verbesserung der Funktionalit\u00e4t der Gelenke<br>  \u2022 Verbesserung des Zellstoffwechsels im Gewebe<br>  \u2022 Leistungssteigerung des gesamten Organismus<br>  \u2022 Regeneration, Mobilisierung und Aktivierung<\/p>\n<\/div><\/div>\n\n\n\n<p><\/p>\n\n\n\n<p><\/p>\n\n\n\n<p>Buchen Sie jetzt Ihren Massage-<a href=\"https:\/\/connect.shore.com\/bookings\/zuber-sandra\/services?locale=de&amp;origin=standalone\" target=\"_blank\" rel=\"noreferrer noopener\" aria-label=\" (\u00f6ffnet in einem neuem Tab)\">Termin online<\/a> oder <a href=\"https:\/\/www.sandypower.ch\/web\/kontakt\/\">kontaktieren<\/a> Sie mich bei Fragen zu meinem Angebot.<\/p>\n","protected":false},"excerpt":{"rendered":"<p>Sie ist eine der bekanntesten und \u00e4ltesten Behandlungsmethode. Sie ist heute die am h\u00e4ufigsten angewendete manuelle Therapieform. Das liegt unter anderem daran, [&hellip;]<\/p>\n","protected":false},"author":1,"featured_media":0,"parent":0,"menu_order":0,"comment_status":"closed","ping_status":"closed","template":"","meta":{"footnotes":""},"class_list":["post-240","page","type-page","status-publish","hentry"],"_links":{"self":[{"href":"https:\/\/www.sandypower.ch\/web\/wp-json\/wp\/v2\/pages\/240","targetHints":{"allow":["GET"]}}],"collection":[{"href":"https:\/\/www.sandypower.ch\/web\/wp-json\/wp\/v2\/pages"}],"about":[{"href":"https:\/\/www.sandypower.ch\/web\/wp-json\/wp\/v2\/types\/page"}],"author":[{"embeddable":true,"href":"https:\/\/www.sandypower.ch\/web\/wp-json\/wp\/v2\/users\/1"}],"replies":[{"embeddable":true,"href":"https:\/\/www.sandypower.ch\/web\/wp-json\/wp\/v2\/comments?post=240"}],"version-history":[{"count":10,"href":"https:\/\/www.sandypower.ch\/web\/wp-json\/wp\/v2\/pages\/240\/revisions"}],"predecessor-version":[{"id":558,"href":"https:\/\/www.sandypower.ch\/web\/wp-json\/wp\/v2\/pages\/240\/revisions\/558"}],"wp:attachment":[{"href":"https:\/\/www.sandypower.ch\/web\/wp-json\/wp\/v2\/media?parent=240"}],"curies":[{"name":"wp","href":"https:\/\/api.w.org\/{rel}","templated":true}]}}