
{"id":229,"date":"2020-02-11T13:09:16","date_gmt":"2020-02-11T13:09:16","guid":{"rendered":"https:\/\/www.sandypower.ch\/web\/?page_id=229"},"modified":"2020-04-27T15:20:55","modified_gmt":"2020-04-27T15:20:55","slug":"ernaehrung-optimieren","status":"publish","type":"page","link":"https:\/\/www.sandypower.ch\/web\/ernaehrung-optimieren\/","title":{"rendered":"Ern\u00e4hrung optimieren"},"content":{"rendered":"\n<div class=\"wp-block-media-text alignwide is-stacked-on-mobile is-vertically-aligned-top\"><figure class=\"wp-block-media-text__media\"><img loading=\"lazy\" decoding=\"async\" width=\"1000\" height=\"659\" src=\"https:\/\/www.sandypower.ch\/web\/wp-content\/uploads\/2020\/02\/ernaehrung.jpg\" alt=\"\" class=\"wp-image-308\" srcset=\"https:\/\/www.sandypower.ch\/web\/wp-content\/uploads\/2020\/02\/ernaehrung.jpg 1000w, https:\/\/www.sandypower.ch\/web\/wp-content\/uploads\/2020\/02\/ernaehrung-300x198.jpg 300w, https:\/\/www.sandypower.ch\/web\/wp-content\/uploads\/2020\/02\/ernaehrung-768x506.jpg 768w, https:\/\/www.sandypower.ch\/web\/wp-content\/uploads\/2020\/02\/ernaehrung-830x547.jpg 830w, https:\/\/www.sandypower.ch\/web\/wp-content\/uploads\/2020\/02\/ernaehrung-230x152.jpg 230w, https:\/\/www.sandypower.ch\/web\/wp-content\/uploads\/2020\/02\/ernaehrung-350x231.jpg 350w, https:\/\/www.sandypower.ch\/web\/wp-content\/uploads\/2020\/02\/ernaehrung-480x316.jpg 480w\" sizes=\"auto, (max-width: 1000px) 100vw, 1000px\" \/><\/figure><div class=\"wp-block-media-text__content\">\n<p>Die Ausbildung Ern\u00e4hrungstrainer hat mir die n\u00f6tigen Grundlagen gegeben Dir Deine Ern\u00e4hrung zu optimieren. Du bist gesund und willst etwas an Deiner Ern\u00e4hrung optimieren und bist bereit eine kleine Ern\u00e4hrungsumstellung zu machen.<\/p>\n\n\n\n<ul class=\"wp-block-list\"><li>Essensplan besprechen<\/li><li>Kleine einfache Messungen durchf\u00fchren<\/li><li>Ziele definieren<\/li><li>Zwischenkontrollen<\/li><\/ul>\n\n\n\n<p>Ich kann Dich dabei unterst\u00fctzen. Melde Dich bei mir.<\/p>\n<\/div><\/div>\n\n\n\n<p><\/p>\n\n\n\n<p>Gerne berate ich Sie betreffend der idealen Ern\u00e4hrung. Buchen Sie jetzt einen Besprechung-<a href=\"https:\/\/www.sandypower.ch\/web\/termin-buchen\/\">Termin online<\/a> oder <a href=\"https:\/\/www.sandypower.ch\/web\/kontakt\/\">kontaktieren<\/a> Sie mich bei Fragen zu meinem Angebot.<\/p>\n","protected":false},"excerpt":{"rendered":"<p>Die Ausbildung Ern\u00e4hrungstrainer hat mir die n\u00f6tigen Grundlagen gegeben Dir Deine Ern\u00e4hrung zu optimieren. Du bist gesund und willst etwas an Deiner [&hellip;]<\/p>\n","protected":false},"author":1,"featured_media":0,"parent":0,"menu_order":0,"comment_status":"closed","ping_status":"closed","template":"","meta":{"footnotes":""},"class_list":["post-229","page","type-page","status-publish","hentry"],"_links":{"self":[{"href":"https:\/\/www.sandypower.ch\/web\/wp-json\/wp\/v2\/pages\/229","targetHints":{"allow":["GET"]}}],"collection":[{"href":"https:\/\/www.sandypower.ch\/web\/wp-json\/wp\/v2\/pages"}],"about":[{"href":"https:\/\/www.sandypower.ch\/web\/wp-json\/wp\/v2\/types\/page"}],"author":[{"embeddable":true,"href":"https:\/\/www.sandypower.ch\/web\/wp-json\/wp\/v2\/users\/1"}],"replies":[{"embeddable":true,"href":"https:\/\/www.sandypower.ch\/web\/wp-json\/wp\/v2\/comments?post=229"}],"version-history":[{"count":7,"href":"https:\/\/www.sandypower.ch\/web\/wp-json\/wp\/v2\/pages\/229\/revisions"}],"predecessor-version":[{"id":638,"href":"https:\/\/www.sandypower.ch\/web\/wp-json\/wp\/v2\/pages\/229\/revisions\/638"}],"wp:attachment":[{"href":"https:\/\/www.sandypower.ch\/web\/wp-json\/wp\/v2\/media?parent=229"}],"curies":[{"name":"wp","href":"https:\/\/api.w.org\/{rel}","templated":true}]}}