
{"id":225,"date":"2020-02-11T13:08:30","date_gmt":"2020-02-11T13:08:30","guid":{"rendered":"https:\/\/www.sandypower.ch\/web\/?page_id=225"},"modified":"2020-09-01T11:34:39","modified_gmt":"2020-09-01T11:34:39","slug":"ueber-mich","status":"publish","type":"page","link":"https:\/\/www.sandypower.ch\/web\/ueber-mich\/","title":{"rendered":"\u00dcber mich"},"content":{"rendered":"\n<div class=\"wp-block-media-text alignfull is-vertically-aligned-top\" style=\"grid-template-columns:28% auto\"><figure class=\"wp-block-media-text__media\"><img loading=\"lazy\" decoding=\"async\" width=\"363\" height=\"378\" src=\"https:\/\/www.sandypower.ch\/web\/wp-content\/uploads\/2020\/02\/sandra.jpg\" alt=\"\" class=\"wp-image-392\" srcset=\"https:\/\/www.sandypower.ch\/web\/wp-content\/uploads\/2020\/02\/sandra.jpg 363w, https:\/\/www.sandypower.ch\/web\/wp-content\/uploads\/2020\/02\/sandra-288x300.jpg 288w, https:\/\/www.sandypower.ch\/web\/wp-content\/uploads\/2020\/02\/sandra-230x240.jpg 230w, https:\/\/www.sandypower.ch\/web\/wp-content\/uploads\/2020\/02\/sandra-350x364.jpg 350w\" sizes=\"auto, (max-width: 363px) 100vw, 363px\" \/><\/figure><div class=\"wp-block-media-text__content\">\n<p>Ich bin eine aufgestellte, aktive, naturverbundenere Frau. Meine Familie ist f\u00fcr mich das wichtigste und gibt mir in jeder Situation halt. Vor einigen Jahren habe ich mein Hobby zu meinem Beruf gemacht. Was mit einzelnen Massagen Kursen begann wurde immer mehr. <br>  Mein Gesp\u00fcr und Gef\u00fchl f\u00fcr Muskulatur, Faszien und Mensch zeigte mir meine Berufung auf, welche ich mit Leidenschaft aus\u00fcbe.<br>  Ich machte eine Ausbildung zur Pr\u00e4vensanalogin, Berufsmasseurin, Mentaltrainerin, Ern\u00e4hrungstrainerin. Im Herbst 2018 habe ich die Fussreflexzonenmassage abgeschlossen. Jedes Jahr absolviere ich diverse Weiterbildungen damit ich mein EMR, ASCA und EGK Qualit\u00e4tslabel aufrechterhalten kann.<br>  Mit meinem Wissen kann ich optimal meine Kunden ganzheitlich behandeln. Ich lebe in meinem Job so richtig auf und es macht mich sehr gl\u00fccklich und stolz, wenn ein Kunde zufrieden die Praxis verl\u00e4sst.<\/p>\n<\/div><\/div>\n\n\n\n<p> <\/p>\n\n\n\n<div class=\"wp-block-image\"><figure class=\"aligncenter size-large is-resized\"><img loading=\"lazy\" decoding=\"async\" src=\"https:\/\/www.sandypower.ch\/web\/wp-content\/uploads\/2020\/02\/massage_ich_arbeit_v_2_00-1024x683.jpg\" alt=\"\" class=\"wp-image-536\" width=\"1024\" height=\"683\" srcset=\"https:\/\/www.sandypower.ch\/web\/wp-content\/uploads\/2020\/02\/massage_ich_arbeit_v_2_00-1024x683.jpg 1024w, https:\/\/www.sandypower.ch\/web\/wp-content\/uploads\/2020\/02\/massage_ich_arbeit_v_2_00-300x200.jpg 300w, https:\/\/www.sandypower.ch\/web\/wp-content\/uploads\/2020\/02\/massage_ich_arbeit_v_2_00-768x512.jpg 768w, https:\/\/www.sandypower.ch\/web\/wp-content\/uploads\/2020\/02\/massage_ich_arbeit_v_2_00-1536x1024.jpg 1536w, https:\/\/www.sandypower.ch\/web\/wp-content\/uploads\/2020\/02\/massage_ich_arbeit_v_2_00-2048x1365.jpg 2048w, https:\/\/www.sandypower.ch\/web\/wp-content\/uploads\/2020\/02\/massage_ich_arbeit_v_2_00-830x553.jpg 830w, https:\/\/www.sandypower.ch\/web\/wp-content\/uploads\/2020\/02\/massage_ich_arbeit_v_2_00-230x153.jpg 230w, https:\/\/www.sandypower.ch\/web\/wp-content\/uploads\/2020\/02\/massage_ich_arbeit_v_2_00-350x233.jpg 350w, https:\/\/www.sandypower.ch\/web\/wp-content\/uploads\/2020\/02\/massage_ich_arbeit_v_2_00-480x320.jpg 480w\" sizes=\"auto, (max-width: 1024px) 100vw, 1024px\" \/><\/figure><\/div>\n\n\n\n<div class=\"wp-block-columns is-layout-flex wp-container-core-columns-is-layout-9d6595d7 wp-block-columns-is-layout-flex\">\n<div class=\"wp-block-column is-layout-flow wp-block-column-is-layout-flow\" style=\"flex-basis:25%\"><\/div>\n\n\n\n<div class=\"wp-block-column is-layout-flow wp-block-column-is-layout-flow\" style=\"flex-basis:50%\">\n<h3 class=\"wp-block-heading\">Qualit\u00e4tslabel<\/h3>\n\n\n\n<p>EMR Anerkennung<br>Klassische Massage 102<br>Fussreflexzonen Massage 81<\/p>\n\n\n\n<p>Asca Anerkennung<br>Klassische Massage 205<br>Fussreflexzonen Massage 218<\/p>\n\n\n\n<p>EGK Therapeut (anerkannt)<\/p>\n<\/div>\n\n\n\n<div class=\"wp-block-column is-layout-flow wp-block-column-is-layout-flow\" style=\"flex-basis:25%\"><\/div>\n<\/div>\n\n\n\n<p><\/p>\n","protected":false},"excerpt":{"rendered":"<p>Ich bin eine aufgestellte, aktive, naturverbundenere Frau. Meine Familie ist f\u00fcr mich das wichtigste und gibt mir in jeder Situation halt. Vor [&hellip;]<\/p>\n","protected":false},"author":1,"featured_media":0,"parent":0,"menu_order":0,"comment_status":"closed","ping_status":"closed","template":"","meta":{"footnotes":""},"class_list":["post-225","page","type-page","status-publish","hentry"],"_links":{"self":[{"href":"https:\/\/www.sandypower.ch\/web\/wp-json\/wp\/v2\/pages\/225","targetHints":{"allow":["GET"]}}],"collection":[{"href":"https:\/\/www.sandypower.ch\/web\/wp-json\/wp\/v2\/pages"}],"about":[{"href":"https:\/\/www.sandypower.ch\/web\/wp-json\/wp\/v2\/types\/page"}],"author":[{"embeddable":true,"href":"https:\/\/www.sandypower.ch\/web\/wp-json\/wp\/v2\/users\/1"}],"replies":[{"embeddable":true,"href":"https:\/\/www.sandypower.ch\/web\/wp-json\/wp\/v2\/comments?post=225"}],"version-history":[{"count":15,"href":"https:\/\/www.sandypower.ch\/web\/wp-json\/wp\/v2\/pages\/225\/revisions"}],"predecessor-version":[{"id":682,"href":"https:\/\/www.sandypower.ch\/web\/wp-json\/wp\/v2\/pages\/225\/revisions\/682"}],"wp:attachment":[{"href":"https:\/\/www.sandypower.ch\/web\/wp-json\/wp\/v2\/media?parent=225"}],"curies":[{"name":"wp","href":"https:\/\/api.w.org\/{rel}","templated":true}]}}