
{"id":223,"date":"2020-02-11T13:08:02","date_gmt":"2020-02-11T13:08:02","guid":{"rendered":"https:\/\/www.sandypower.ch\/web\/?page_id=223"},"modified":"2025-10-09T18:24:01","modified_gmt":"2025-10-09T18:24:01","slug":"home-seite","status":"publish","type":"page","link":"https:\/\/www.sandypower.ch\/web\/","title":{"rendered":"Home Seite"},"content":{"rendered":"\n<p>energie chraft entspannig by Sandra ist mein Gesch\u00e4ftsname. Diese Drei Punkte habe ich bewusst wie folgt gew\u00e4hlt:<\/p>\n\n\n\n<div class=\"wp-block-media-text alignwide has-media-on-the-right is-stacked-on-mobile\" style=\"grid-template-columns:auto 39%\"><div class=\"wp-block-media-text__content\">\n<p class=\"has-text-align-center has-large-font-size\"><strong>energie = Ern\u00e4hrung<\/strong><\/p>\n\n\n\n<p class=\"has-text-align-center has-large-font-size\"><br><strong>chraft = Bewegung<\/strong><\/p>\n\n\n\n<p class=\"has-text-align-center has-large-font-size\"><br><strong>entspannig = Massage<\/strong><\/p>\n<\/div><figure class=\"wp-block-media-text__media\"><img loading=\"lazy\" decoding=\"async\" width=\"1009\" height=\"1024\" src=\"https:\/\/www.sandypower.ch\/web\/wp-content\/uploads\/2020\/09\/home_2_sandra_jumps_v_2_06-2-1009x1024.jpg\" alt=\"\" class=\"wp-image-689 size-full\" srcset=\"https:\/\/www.sandypower.ch\/web\/wp-content\/uploads\/2020\/09\/home_2_sandra_jumps_v_2_06-2-1009x1024.jpg 1009w, https:\/\/www.sandypower.ch\/web\/wp-content\/uploads\/2020\/09\/home_2_sandra_jumps_v_2_06-2-296x300.jpg 296w, https:\/\/www.sandypower.ch\/web\/wp-content\/uploads\/2020\/09\/home_2_sandra_jumps_v_2_06-2-768x779.jpg 768w, https:\/\/www.sandypower.ch\/web\/wp-content\/uploads\/2020\/09\/home_2_sandra_jumps_v_2_06-2-830x842.jpg 830w, https:\/\/www.sandypower.ch\/web\/wp-content\/uploads\/2020\/09\/home_2_sandra_jumps_v_2_06-2-230x233.jpg 230w, https:\/\/www.sandypower.ch\/web\/wp-content\/uploads\/2020\/09\/home_2_sandra_jumps_v_2_06-2-350x355.jpg 350w, https:\/\/www.sandypower.ch\/web\/wp-content\/uploads\/2020\/09\/home_2_sandra_jumps_v_2_06-2-480x487.jpg 480w, https:\/\/www.sandypower.ch\/web\/wp-content\/uploads\/2020\/09\/home_2_sandra_jumps_v_2_06-2.jpg 1300w\" sizes=\"auto, (max-width: 1009px) 100vw, 1009px\" \/><\/figure><\/div>\n\n\n\n<p><\/p>\n\n\n\n<p>Wenn wir im Alltag gut auf all diese Dinge achten, kommen K\u00f6rper und Seele ins Gleichgewicht.<br>Wir f\u00fchlen uns rundum wohl, voller Energie und Lebensfreude \u2013 bereit, unseren Hobbys und Herzensbed\u00fcrfnissen mit Leichtigkeit und Begeisterung nachzugehen.<\/p>\n\n\n\n<p><\/p>\n\n\n\n<p><\/p>\n\n\n\n<p><strong>Aktuelle Informationen:<\/strong><\/p>\n\n\n<ul class=\"wp-block-latest-posts__list has-dates wp-block-latest-posts\"><li><a class=\"wp-block-latest-posts__post-title\" href=\"https:\/\/www.sandypower.ch\/web\/2026\/04\/19\/ausbildung-viszerale-therapie\/\">Ausbildung Viszerale Therapie<\/a><time datetime=\"2026-04-19T07:54:59+00:00\" class=\"wp-block-latest-posts__post-date\">19. April 2026<\/time><div class=\"wp-block-latest-posts__post-excerpt\">Ich taste mit meinen H\u00e4nden sanft den Bauch- und Brustraum ab und versuche, bei den Organen wie Magen, Darm, Leber, Nieren und\u2026\u00a0<a class=\"wp-block-latest-posts__read-more\" href=\"https:\/\/www.sandypower.ch\/web\/2026\/04\/19\/ausbildung-viszerale-therapie\/\" rel=\"noopener noreferrer\"><span class=\"screen-reader-text\">Ausbildung Viszerale Therapie <\/span>weiterlesen<\/a><\/div><\/li>\n<li><a class=\"wp-block-latest-posts__post-title\" href=\"https:\/\/www.sandypower.ch\/web\/2026\/03\/10\/fruehlingszeit\/\">Fr\u00fchlingszeit<\/a><time datetime=\"2026-03-10T11:05:11+00:00\" class=\"wp-block-latest-posts__post-date\">10. M\u00e4rz 2026<\/time><div class=\"wp-block-latest-posts__post-excerpt\">Die Tage werden heller, die Energie kehrt zur\u00fcck. Tu dir etwas Gutes und genie\u00dfe eine entspannende Fr\u00fchlingsmassage.<\/div><\/li>\n<\/ul>","protected":false},"excerpt":{"rendered":"<p>energie chraft entspannig by Sandra ist mein Gesch\u00e4ftsname. Diese Drei Punkte habe ich bewusst wie folgt gew\u00e4hlt: energie = Ern\u00e4hrung chraft = [&hellip;]<\/p>\n","protected":false},"author":1,"featured_media":0,"parent":0,"menu_order":0,"comment_status":"closed","ping_status":"closed","template":"","meta":{"footnotes":""},"class_list":["post-223","page","type-page","status-publish","hentry"],"_links":{"self":[{"href":"https:\/\/www.sandypower.ch\/web\/wp-json\/wp\/v2\/pages\/223","targetHints":{"allow":["GET"]}}],"collection":[{"href":"https:\/\/www.sandypower.ch\/web\/wp-json\/wp\/v2\/pages"}],"about":[{"href":"https:\/\/www.sandypower.ch\/web\/wp-json\/wp\/v2\/types\/page"}],"author":[{"embeddable":true,"href":"https:\/\/www.sandypower.ch\/web\/wp-json\/wp\/v2\/users\/1"}],"replies":[{"embeddable":true,"href":"https:\/\/www.sandypower.ch\/web\/wp-json\/wp\/v2\/comments?post=223"}],"version-history":[{"count":29,"href":"https:\/\/www.sandypower.ch\/web\/wp-json\/wp\/v2\/pages\/223\/revisions"}],"predecessor-version":[{"id":887,"href":"https:\/\/www.sandypower.ch\/web\/wp-json\/wp\/v2\/pages\/223\/revisions\/887"}],"wp:attachment":[{"href":"https:\/\/www.sandypower.ch\/web\/wp-json\/wp\/v2\/media?parent=223"}],"curies":[{"name":"wp","href":"https:\/\/api.w.org\/{rel}","templated":true}]}}